{"id":40,"date":"2021-04-09T17:58:20","date_gmt":"2021-04-09T15:58:20","guid":{"rendered":"https:\/\/www-bernosbeaulac.girondenumerique.fr\/wordpress\/?page_id=40"},"modified":"2021-11-14T16:35:31","modified_gmt":"2021-11-14T15:35:31","slug":"le-mot-du-maire","status":"publish","type":"page","link":"https:\/\/www.bernos-beaulac.fr\/wordpress\/le-mot-du-maire\/","title":{"rendered":"Le mot du Maire"},"content":{"rendered":"\n<div class=\"wp-block-columns is-layout-flex wp-container-core-columns-is-layout-9d6595d7 wp-block-columns-is-layout-flex\">\n<div class=\"wp-block-column is-layout-flow wp-block-column-is-layout-flow\" style=\"flex-basis:25%\">\n<div class=\"wp-block-columns is-layout-flex wp-container-core-columns-is-layout-9d6595d7 wp-block-columns-is-layout-flex\">\n<div class=\"wp-block-column is-layout-flow wp-block-column-is-layout-flow\" style=\"flex-basis:75%\">\n<figure class=\"wp-block-gallery columns-1 is-cropped wp-block-gallery-1 is-layout-flex wp-block-gallery-is-layout-flex\"><ul class=\"blocks-gallery-grid\"><li class=\"blocks-gallery-item\"><figure><img loading=\"lazy\" decoding=\"async\" width=\"600\" height=\"812\" src=\"https:\/\/www-bernosbeaulac.girondenumerique.fr\/wordpress\/wp-content\/uploads\/2021\/05\/Portrait-Jacqueline600.jpg\" alt=\"\" data-id=\"428\" data-full-url=\"https:\/\/www-bernosbeaulac.girondenumerique.fr\/wordpress\/wp-content\/uploads\/2021\/05\/Portrait-Jacqueline600.jpg\" data-link=\"https:\/\/www-bernosbeaulac.girondenumerique.fr\/wordpress\/2021\/04\/12\/les-elus\/binary-comment-4\/\" class=\"wp-image-428\" srcset=\"https:\/\/www.bernos-beaulac.fr\/wordpress\/wp-content\/uploads\/2021\/05\/Portrait-Jacqueline600.jpg 600w, https:\/\/www.bernos-beaulac.fr\/wordpress\/wp-content\/uploads\/2021\/05\/Portrait-Jacqueline600-222x300.jpg 222w, https:\/\/www.bernos-beaulac.fr\/wordpress\/wp-content\/uploads\/2021\/05\/Portrait-Jacqueline600-44x60.jpg 44w\" sizes=\"auto, (max-width: 600px) 100vw, 600px\" \/><figcaption class=\"blocks-gallery-item__caption\">Jacqueline LARTIGUE-RENOUIL Maire<\/figcaption><\/figure><\/li><\/ul><\/figure>\n<\/div>\n<\/div>\n<\/div>\n\n\n\n<div class=\"wp-block-column is-layout-flow wp-block-column-is-layout-flow\"><\/div>\n\n\n\n<div class=\"wp-block-column is-layout-flow wp-block-column-is-layout-flow\" style=\"flex-basis:12.5%\"><\/div>\n\n\n\n<div class=\"wp-block-column is-layout-flow wp-block-column-is-layout-flow\" style=\"flex-basis:12.5%\"><\/div>\n\n\n\n<div class=\"wp-block-column is-layout-flow wp-block-column-is-layout-flow\" style=\"flex-basis:60%\">\n<p><strong>Je vous re\u00e7ois tous les jours de 9h00 \u00e0 16h30 sur rendez-vous au 05.56.25.25.11 ou par <a href=\"mailto:jacqueline.lartigue@bernos-beaulac.fr\">mail<\/a><\/strong><\/p>\n<\/div>\n<\/div>\n\n\n\n<p class=\"has-drop-cap\"><strong>Je vous souhaite la bienvenue dans la commune de Bernos Beaulac et vous invite \u00e0 prendre connaissance, par notre livret d\u2019accueil, de toutes les merveilles de notre patrimoine.<\/strong><\/p>\n\n\n\n<p><strong>Le village, bien pourvu en commerces et en professionnels de sant\u00e9, est plein de surprises et au d\u00e9tour des chemins de randonn\u00e9es des sites apaisants&nbsp; incitent \u00e0 la connexion avec la nature.<\/strong><\/p>\n\n\n\n<p><strong>De la halte nautique avec sa zone humide riche en bio diversit\u00e9, au g\u00eete de Bacourey nich\u00e9 dans un \u00e9crin de verdure, les rives du Ciron sont une source in\u00e9puisable de d\u00e9couvertes de faune et de flore.<\/strong><\/p>\n\n\n\n<p><strong>Les&nbsp; amateurs d\u2019histoire seront conquis&nbsp; par&nbsp; la fonderie, les calvaires entre autres et l\u2019\u00e9glise construite vers le X\u00e8me si\u00e8cle dont l\u2019\u00e9difice comporte un chevet gothique du XV\u00e8me et une nef \u00e0 deux chapelles sym\u00e9triques du XVI\u00e8me&nbsp;; le clocher reconstruit au XIX\u00e8me est inscrit au titre des monuments historiques depuis 1925.<\/strong><\/p>\n\n\n\n<p><strong>Situ\u00e9 \u00e0 deux heures de la mer ou de la montagne&nbsp; un large p\u00e9rim\u00e8tre de promenades &nbsp;s\u2019offre \u00e0 vous.<\/strong><\/p>\n\n\n\n<p><strong>Un accueil chaleureux vous fera passer un agr\u00e9able s\u00e9jour.<\/strong><\/p>\n","protected":false},"excerpt":{"rendered":"<p>Je vous re\u00e7ois tous les jours de 9h00 \u00e0 16h30 sur rendez-vous au 05.56.25.25.11 ou par mail Je vous souhaite la bienvenue dans la commune de Bernos Beaulac et vous invite \u00e0 prendre connaissance, par notre livret d\u2019accueil, de toutes &hellip; <\/p>\n","protected":false},"author":8,"featured_media":2069,"parent":0,"menu_order":0,"comment_status":"closed","ping_status":"closed","template":"","meta":{"footnotes":""},"class_list":["post-40","page","type-page","status-publish","has-post-thumbnail","hentry"],"yoast_head":"<!-- This site is optimized with the Yoast SEO plugin v27.4 - https:\/\/yoast.com\/product\/yoast-seo-wordpress\/ -->\n<title>Le mot du Maire - Mairie de Bernos-Beaulac<\/title>\n<meta name=\"robots\" content=\"index, follow, max-snippet:-1, max-image-preview:large, max-video-preview:-1\" \/>\n<link rel=\"canonical\" href=\"https:\/\/www.bernos-beaulac.fr\/wordpress\/le-mot-du-maire\/\" \/>\n<meta property=\"og:locale\" content=\"fr_FR\" \/>\n<meta property=\"og:type\" content=\"article\" \/>\n<meta property=\"og:title\" content=\"Le mot du Maire - Mairie de Bernos-Beaulac\" \/>\n<meta property=\"og:description\" content=\"Je vous re\u00e7ois tous les jours de 9h00 \u00e0 16h30 sur rendez-vous au 05.56.25.25.11 ou par mail Je vous souhaite la bienvenue dans la commune de Bernos Beaulac et vous invite \u00e0 prendre connaissance, par notre livret d\u2019accueil, de toutes &hellip;\" \/>\n<meta property=\"og:url\" content=\"https:\/\/www.bernos-beaulac.fr\/wordpress\/le-mot-du-maire\/\" \/>\n<meta property=\"og:site_name\" content=\"Mairie de Bernos-Beaulac\" \/>\n<meta property=\"article:modified_time\" content=\"2021-11-14T15:35:31+00:00\" \/>\n<meta property=\"og:image\" content=\"https:\/\/www.bernos-beaulac.fr\/wordpress\/wp-content\/uploads\/2021\/11\/20211106_164507.jpg\" \/>\n\t<meta property=\"og:image:width\" content=\"2016\" \/>\n\t<meta property=\"og:image:height\" content=\"980\" \/>\n\t<meta property=\"og:image:type\" content=\"image\/jpeg\" \/>\n<meta name=\"twitter:card\" content=\"summary_large_image\" \/>\n<meta name=\"twitter:label1\" content=\"Dur\u00e9e de lecture estim\u00e9e\" \/>\n\t<meta name=\"twitter:data1\" content=\"2 minutes\" \/>\n<script type=\"application\/ld+json\" class=\"yoast-schema-graph\">{\"@context\":\"https:\\\/\\\/schema.org\",\"@graph\":[{\"@type\":\"WebPage\",\"@id\":\"https:\\\/\\\/www.bernos-beaulac.fr\\\/wordpress\\\/le-mot-du-maire\\\/\",\"url\":\"https:\\\/\\\/www.bernos-beaulac.fr\\\/wordpress\\\/le-mot-du-maire\\\/\",\"name\":\"Le mot du Maire - Mairie de Bernos-Beaulac\",\"isPartOf\":{\"@id\":\"https:\\\/\\\/www.bernos-beaulac.fr\\\/wordpress\\\/#website\"},\"primaryImageOfPage\":{\"@id\":\"https:\\\/\\\/www.bernos-beaulac.fr\\\/wordpress\\\/le-mot-du-maire\\\/#primaryimage\"},\"image\":{\"@id\":\"https:\\\/\\\/www.bernos-beaulac.fr\\\/wordpress\\\/le-mot-du-maire\\\/#primaryimage\"},\"thumbnailUrl\":\"https:\\\/\\\/www.bernos-beaulac.fr\\\/wordpress\\\/wp-content\\\/uploads\\\/2021\\\/11\\\/20211106_164507.jpg\",\"datePublished\":\"2021-04-09T15:58:20+00:00\",\"dateModified\":\"2021-11-14T15:35:31+00:00\",\"breadcrumb\":{\"@id\":\"https:\\\/\\\/www.bernos-beaulac.fr\\\/wordpress\\\/le-mot-du-maire\\\/#breadcrumb\"},\"inLanguage\":\"fr-FR\",\"potentialAction\":[{\"@type\":\"ReadAction\",\"target\":[\"https:\\\/\\\/www.bernos-beaulac.fr\\\/wordpress\\\/le-mot-du-maire\\\/\"]}]},{\"@type\":\"ImageObject\",\"inLanguage\":\"fr-FR\",\"@id\":\"https:\\\/\\\/www.bernos-beaulac.fr\\\/wordpress\\\/le-mot-du-maire\\\/#primaryimage\",\"url\":\"https:\\\/\\\/www.bernos-beaulac.fr\\\/wordpress\\\/wp-content\\\/uploads\\\/2021\\\/11\\\/20211106_164507.jpg\",\"contentUrl\":\"https:\\\/\\\/www.bernos-beaulac.fr\\\/wordpress\\\/wp-content\\\/uploads\\\/2021\\\/11\\\/20211106_164507.jpg\",\"width\":2016,\"height\":980},{\"@type\":\"BreadcrumbList\",\"@id\":\"https:\\\/\\\/www.bernos-beaulac.fr\\\/wordpress\\\/le-mot-du-maire\\\/#breadcrumb\",\"itemListElement\":[{\"@type\":\"ListItem\",\"position\":1,\"name\":\"Accueil\",\"item\":\"https:\\\/\\\/www.bernos-beaulac.fr\\\/wordpress\\\/\"},{\"@type\":\"ListItem\",\"position\":2,\"name\":\"Le mot du Maire\"}]},{\"@type\":\"WebSite\",\"@id\":\"https:\\\/\\\/www.bernos-beaulac.fr\\\/wordpress\\\/#website\",\"url\":\"https:\\\/\\\/www.bernos-beaulac.fr\\\/wordpress\\\/\",\"name\":\"Mairie de Bernos-Beaulac\",\"description\":\"Bienvenue sur le site de la commune\",\"publisher\":{\"@id\":\"https:\\\/\\\/www.bernos-beaulac.fr\\\/wordpress\\\/#organization\"},\"potentialAction\":[{\"@type\":\"SearchAction\",\"target\":{\"@type\":\"EntryPoint\",\"urlTemplate\":\"https:\\\/\\\/www.bernos-beaulac.fr\\\/wordpress\\\/?s={search_term_string}\"},\"query-input\":{\"@type\":\"PropertyValueSpecification\",\"valueRequired\":true,\"valueName\":\"search_term_string\"}}],\"inLanguage\":\"fr-FR\"},{\"@type\":\"Organization\",\"@id\":\"https:\\\/\\\/www.bernos-beaulac.fr\\\/wordpress\\\/#organization\",\"name\":\"Mairie de Bernos-Beaulac\",\"url\":\"https:\\\/\\\/www.bernos-beaulac.fr\\\/wordpress\\\/\",\"logo\":{\"@type\":\"ImageObject\",\"inLanguage\":\"fr-FR\",\"@id\":\"https:\\\/\\\/www.bernos-beaulac.fr\\\/wordpress\\\/#\\\/schema\\\/logo\\\/image\\\/\",\"url\":\"https:\\\/\\\/www.bernos-beaulac.fr\\\/wordpress\\\/wp-content\\\/uploads\\\/2025\\\/03\\\/Bernos-Beaulac_Logo.jpg\",\"contentUrl\":\"https:\\\/\\\/www.bernos-beaulac.fr\\\/wordpress\\\/wp-content\\\/uploads\\\/2025\\\/03\\\/Bernos-Beaulac_Logo.jpg\",\"width\":177,\"height\":205,\"caption\":\"Mairie de Bernos-Beaulac\"},\"image\":{\"@id\":\"https:\\\/\\\/www.bernos-beaulac.fr\\\/wordpress\\\/#\\\/schema\\\/logo\\\/image\\\/\"}}]}<\/script>\n<!-- \/ Yoast SEO plugin. -->","yoast_head_json":{"title":"Le mot du Maire - Mairie de Bernos-Beaulac","robots":{"index":"index","follow":"follow","max-snippet":"max-snippet:-1","max-image-preview":"max-image-preview:large","max-video-preview":"max-video-preview:-1"},"canonical":"https:\/\/www.bernos-beaulac.fr\/wordpress\/le-mot-du-maire\/","og_locale":"fr_FR","og_type":"article","og_title":"Le mot du Maire - Mairie de Bernos-Beaulac","og_description":"Je vous re\u00e7ois tous les jours de 9h00 \u00e0 16h30 sur rendez-vous au 05.56.25.25.11 ou par mail Je vous souhaite la bienvenue dans la commune de Bernos Beaulac et vous invite \u00e0 prendre connaissance, par notre livret d\u2019accueil, de toutes &hellip;","og_url":"https:\/\/www.bernos-beaulac.fr\/wordpress\/le-mot-du-maire\/","og_site_name":"Mairie de Bernos-Beaulac","article_modified_time":"2021-11-14T15:35:31+00:00","og_image":[{"width":2016,"height":980,"url":"https:\/\/www.bernos-beaulac.fr\/wordpress\/wp-content\/uploads\/2021\/11\/20211106_164507.jpg","type":"image\/jpeg"}],"twitter_card":"summary_large_image","twitter_misc":{"Dur\u00e9e de lecture estim\u00e9e":"2 minutes"},"schema":{"@context":"https:\/\/schema.org","@graph":[{"@type":"WebPage","@id":"https:\/\/www.bernos-beaulac.fr\/wordpress\/le-mot-du-maire\/","url":"https:\/\/www.bernos-beaulac.fr\/wordpress\/le-mot-du-maire\/","name":"Le mot du Maire - Mairie de Bernos-Beaulac","isPartOf":{"@id":"https:\/\/www.bernos-beaulac.fr\/wordpress\/#website"},"primaryImageOfPage":{"@id":"https:\/\/www.bernos-beaulac.fr\/wordpress\/le-mot-du-maire\/#primaryimage"},"image":{"@id":"https:\/\/www.bernos-beaulac.fr\/wordpress\/le-mot-du-maire\/#primaryimage"},"thumbnailUrl":"https:\/\/www.bernos-beaulac.fr\/wordpress\/wp-content\/uploads\/2021\/11\/20211106_164507.jpg","datePublished":"2021-04-09T15:58:20+00:00","dateModified":"2021-11-14T15:35:31+00:00","breadcrumb":{"@id":"https:\/\/www.bernos-beaulac.fr\/wordpress\/le-mot-du-maire\/#breadcrumb"},"inLanguage":"fr-FR","potentialAction":[{"@type":"ReadAction","target":["https:\/\/www.bernos-beaulac.fr\/wordpress\/le-mot-du-maire\/"]}]},{"@type":"ImageObject","inLanguage":"fr-FR","@id":"https:\/\/www.bernos-beaulac.fr\/wordpress\/le-mot-du-maire\/#primaryimage","url":"https:\/\/www.bernos-beaulac.fr\/wordpress\/wp-content\/uploads\/2021\/11\/20211106_164507.jpg","contentUrl":"https:\/\/www.bernos-beaulac.fr\/wordpress\/wp-content\/uploads\/2021\/11\/20211106_164507.jpg","width":2016,"height":980},{"@type":"BreadcrumbList","@id":"https:\/\/www.bernos-beaulac.fr\/wordpress\/le-mot-du-maire\/#breadcrumb","itemListElement":[{"@type":"ListItem","position":1,"name":"Accueil","item":"https:\/\/www.bernos-beaulac.fr\/wordpress\/"},{"@type":"ListItem","position":2,"name":"Le mot du Maire"}]},{"@type":"WebSite","@id":"https:\/\/www.bernos-beaulac.fr\/wordpress\/#website","url":"https:\/\/www.bernos-beaulac.fr\/wordpress\/","name":"Mairie de Bernos-Beaulac","description":"Bienvenue sur le site de la commune","publisher":{"@id":"https:\/\/www.bernos-beaulac.fr\/wordpress\/#organization"},"potentialAction":[{"@type":"SearchAction","target":{"@type":"EntryPoint","urlTemplate":"https:\/\/www.bernos-beaulac.fr\/wordpress\/?s={search_term_string}"},"query-input":{"@type":"PropertyValueSpecification","valueRequired":true,"valueName":"search_term_string"}}],"inLanguage":"fr-FR"},{"@type":"Organization","@id":"https:\/\/www.bernos-beaulac.fr\/wordpress\/#organization","name":"Mairie de Bernos-Beaulac","url":"https:\/\/www.bernos-beaulac.fr\/wordpress\/","logo":{"@type":"ImageObject","inLanguage":"fr-FR","@id":"https:\/\/www.bernos-beaulac.fr\/wordpress\/#\/schema\/logo\/image\/","url":"https:\/\/www.bernos-beaulac.fr\/wordpress\/wp-content\/uploads\/2025\/03\/Bernos-Beaulac_Logo.jpg","contentUrl":"https:\/\/www.bernos-beaulac.fr\/wordpress\/wp-content\/uploads\/2025\/03\/Bernos-Beaulac_Logo.jpg","width":177,"height":205,"caption":"Mairie de Bernos-Beaulac"},"image":{"@id":"https:\/\/www.bernos-beaulac.fr\/wordpress\/#\/schema\/logo\/image\/"}}]}},"_links":{"self":[{"href":"https:\/\/www.bernos-beaulac.fr\/wordpress\/wp-json\/wp\/v2\/pages\/40","targetHints":{"allow":["GET"]}}],"collection":[{"href":"https:\/\/www.bernos-beaulac.fr\/wordpress\/wp-json\/wp\/v2\/pages"}],"about":[{"href":"https:\/\/www.bernos-beaulac.fr\/wordpress\/wp-json\/wp\/v2\/types\/page"}],"author":[{"embeddable":true,"href":"https:\/\/www.bernos-beaulac.fr\/wordpress\/wp-json\/wp\/v2\/users\/8"}],"replies":[{"embeddable":true,"href":"https:\/\/www.bernos-beaulac.fr\/wordpress\/wp-json\/wp\/v2\/comments?post=40"}],"version-history":[{"count":13,"href":"https:\/\/www.bernos-beaulac.fr\/wordpress\/wp-json\/wp\/v2\/pages\/40\/revisions"}],"predecessor-version":[{"id":2082,"href":"https:\/\/www.bernos-beaulac.fr\/wordpress\/wp-json\/wp\/v2\/pages\/40\/revisions\/2082"}],"wp:featuredmedia":[{"embeddable":true,"href":"https:\/\/www.bernos-beaulac.fr\/wordpress\/wp-json\/wp\/v2\/media\/2069"}],"wp:attachment":[{"href":"https:\/\/www.bernos-beaulac.fr\/wordpress\/wp-json\/wp\/v2\/media?parent=40"}],"curies":[{"name":"wp","href":"https:\/\/api.w.org\/{rel}","templated":true}]}}