{"id":203,"date":"2021-04-12T15:26:00","date_gmt":"2021-04-12T13:26:00","guid":{"rendered":"https:\/\/www-bernosbeaulac.girondenumerique.fr\/wordpress\/?page_id=203"},"modified":"2024-01-22T10:35:40","modified_gmt":"2024-01-22T09:35:40","slug":"bibliotheque","status":"publish","type":"page","link":"https:\/\/www.bernos-beaulac.fr\/wordpress\/bibliotheque\/","title":{"rendered":"Biblioth\u00e8que"},"content":{"rendered":"\n<p>Les Inscription et pr\u00eats sont enti\u00e8rement gratuits.<\/p>\n\n\n\n<p>Ouvert tous les vendredis de 16h \u00e0 18h<\/p>\n\n\n\n<p>Tr\u00e8s nombreux ouvrages \u00e0 votre disposition<br>Enfance : grand choix d&rsquo;albums petite enfance, BD, romans jeunesse\u2026<br>Adultes : romans, biographies, documentaires\u2026<\/p>\n\n\n\n<p><\/p>\n\n\n\n<p><\/p>\n\n\n\n<p><\/p>\n\n\n\n<p><\/p>\n","protected":false},"excerpt":{"rendered":"<p>Les Inscription et pr\u00eats sont enti\u00e8rement gratuits. Ouvert tous les vendredis de 16h \u00e0 18h Tr\u00e8s nombreux ouvrages \u00e0 votre dispositionEnfance : grand choix d&rsquo;albums petite enfance, BD, romans jeunesse\u2026Adultes : romans, biographies, documentaires\u2026<\/p>\n","protected":false},"author":8,"featured_media":1258,"parent":0,"menu_order":0,"comment_status":"closed","ping_status":"closed","template":"","meta":{"footnotes":""},"class_list":["post-203","page","type-page","status-publish","has-post-thumbnail","hentry"],"yoast_head":"<!-- This site is optimized with the Yoast SEO plugin v27.4 - https:\/\/yoast.com\/product\/yoast-seo-wordpress\/ -->\n<title>Biblioth\u00e8que - Mairie de Bernos-Beaulac<\/title>\n<meta name=\"robots\" content=\"index, follow, max-snippet:-1, max-image-preview:large, max-video-preview:-1\" \/>\n<link rel=\"canonical\" href=\"https:\/\/www.bernos-beaulac.fr\/wordpress\/bibliotheque\/\" \/>\n<meta property=\"og:locale\" content=\"fr_FR\" \/>\n<meta property=\"og:type\" content=\"article\" \/>\n<meta property=\"og:title\" content=\"Biblioth\u00e8que - Mairie de Bernos-Beaulac\" \/>\n<meta property=\"og:description\" content=\"Les Inscription et pr\u00eats sont enti\u00e8rement gratuits. Ouvert tous les vendredis de 16h \u00e0 18h Tr\u00e8s nombreux ouvrages \u00e0 votre dispositionEnfance : grand choix d&rsquo;albums petite enfance, BD, romans jeunesse\u2026Adultes : romans, biographies, documentaires\u2026\" \/>\n<meta property=\"og:url\" content=\"https:\/\/www.bernos-beaulac.fr\/wordpress\/bibliotheque\/\" \/>\n<meta property=\"og:site_name\" content=\"Mairie de Bernos-Beaulac\" \/>\n<meta property=\"article:modified_time\" content=\"2024-01-22T09:35:40+00:00\" \/>\n<meta property=\"og:image\" content=\"https:\/\/www.bernos-beaulac.fr\/wordpress\/wp-content\/uploads\/2021\/07\/bibli1.jpg\" \/>\n\t<meta property=\"og:image:width\" content=\"250\" \/>\n\t<meta property=\"og:image:height\" content=\"116\" \/>\n\t<meta property=\"og:image:type\" content=\"image\/jpeg\" \/>\n<meta name=\"twitter:card\" content=\"summary_large_image\" \/>\n<meta name=\"twitter:label1\" content=\"Dur\u00e9e de lecture estim\u00e9e\" \/>\n\t<meta name=\"twitter:data1\" content=\"1 minute\" \/>\n<script type=\"application\/ld+json\" class=\"yoast-schema-graph\">{\"@context\":\"https:\\\/\\\/schema.org\",\"@graph\":[{\"@type\":\"WebPage\",\"@id\":\"https:\\\/\\\/www.bernos-beaulac.fr\\\/wordpress\\\/bibliotheque\\\/\",\"url\":\"https:\\\/\\\/www.bernos-beaulac.fr\\\/wordpress\\\/bibliotheque\\\/\",\"name\":\"Biblioth\u00e8que - Mairie de Bernos-Beaulac\",\"isPartOf\":{\"@id\":\"https:\\\/\\\/www.bernos-beaulac.fr\\\/wordpress\\\/#website\"},\"primaryImageOfPage\":{\"@id\":\"https:\\\/\\\/www.bernos-beaulac.fr\\\/wordpress\\\/bibliotheque\\\/#primaryimage\"},\"image\":{\"@id\":\"https:\\\/\\\/www.bernos-beaulac.fr\\\/wordpress\\\/bibliotheque\\\/#primaryimage\"},\"thumbnailUrl\":\"https:\\\/\\\/www.bernos-beaulac.fr\\\/wordpress\\\/wp-content\\\/uploads\\\/2021\\\/07\\\/bibli1.jpg\",\"datePublished\":\"2021-04-12T13:26:00+00:00\",\"dateModified\":\"2024-01-22T09:35:40+00:00\",\"breadcrumb\":{\"@id\":\"https:\\\/\\\/www.bernos-beaulac.fr\\\/wordpress\\\/bibliotheque\\\/#breadcrumb\"},\"inLanguage\":\"fr-FR\",\"potentialAction\":[{\"@type\":\"ReadAction\",\"target\":[\"https:\\\/\\\/www.bernos-beaulac.fr\\\/wordpress\\\/bibliotheque\\\/\"]}]},{\"@type\":\"ImageObject\",\"inLanguage\":\"fr-FR\",\"@id\":\"https:\\\/\\\/www.bernos-beaulac.fr\\\/wordpress\\\/bibliotheque\\\/#primaryimage\",\"url\":\"https:\\\/\\\/www.bernos-beaulac.fr\\\/wordpress\\\/wp-content\\\/uploads\\\/2021\\\/07\\\/bibli1.jpg\",\"contentUrl\":\"https:\\\/\\\/www.bernos-beaulac.fr\\\/wordpress\\\/wp-content\\\/uploads\\\/2021\\\/07\\\/bibli1.jpg\",\"width\":250,\"height\":116},{\"@type\":\"BreadcrumbList\",\"@id\":\"https:\\\/\\\/www.bernos-beaulac.fr\\\/wordpress\\\/bibliotheque\\\/#breadcrumb\",\"itemListElement\":[{\"@type\":\"ListItem\",\"position\":1,\"name\":\"Accueil\",\"item\":\"https:\\\/\\\/www.bernos-beaulac.fr\\\/wordpress\\\/\"},{\"@type\":\"ListItem\",\"position\":2,\"name\":\"Biblioth\u00e8que\"}]},{\"@type\":\"WebSite\",\"@id\":\"https:\\\/\\\/www.bernos-beaulac.fr\\\/wordpress\\\/#website\",\"url\":\"https:\\\/\\\/www.bernos-beaulac.fr\\\/wordpress\\\/\",\"name\":\"Mairie de Bernos-Beaulac\",\"description\":\"Bienvenue sur le site de la commune\",\"publisher\":{\"@id\":\"https:\\\/\\\/www.bernos-beaulac.fr\\\/wordpress\\\/#organization\"},\"potentialAction\":[{\"@type\":\"SearchAction\",\"target\":{\"@type\":\"EntryPoint\",\"urlTemplate\":\"https:\\\/\\\/www.bernos-beaulac.fr\\\/wordpress\\\/?s={search_term_string}\"},\"query-input\":{\"@type\":\"PropertyValueSpecification\",\"valueRequired\":true,\"valueName\":\"search_term_string\"}}],\"inLanguage\":\"fr-FR\"},{\"@type\":\"Organization\",\"@id\":\"https:\\\/\\\/www.bernos-beaulac.fr\\\/wordpress\\\/#organization\",\"name\":\"Mairie de Bernos-Beaulac\",\"url\":\"https:\\\/\\\/www.bernos-beaulac.fr\\\/wordpress\\\/\",\"logo\":{\"@type\":\"ImageObject\",\"inLanguage\":\"fr-FR\",\"@id\":\"https:\\\/\\\/www.bernos-beaulac.fr\\\/wordpress\\\/#\\\/schema\\\/logo\\\/image\\\/\",\"url\":\"https:\\\/\\\/www.bernos-beaulac.fr\\\/wordpress\\\/wp-content\\\/uploads\\\/2025\\\/03\\\/Bernos-Beaulac_Logo.jpg\",\"contentUrl\":\"https:\\\/\\\/www.bernos-beaulac.fr\\\/wordpress\\\/wp-content\\\/uploads\\\/2025\\\/03\\\/Bernos-Beaulac_Logo.jpg\",\"width\":177,\"height\":205,\"caption\":\"Mairie de Bernos-Beaulac\"},\"image\":{\"@id\":\"https:\\\/\\\/www.bernos-beaulac.fr\\\/wordpress\\\/#\\\/schema\\\/logo\\\/image\\\/\"}}]}<\/script>\n<!-- \/ Yoast SEO plugin. -->","yoast_head_json":{"title":"Biblioth\u00e8que - Mairie de Bernos-Beaulac","robots":{"index":"index","follow":"follow","max-snippet":"max-snippet:-1","max-image-preview":"max-image-preview:large","max-video-preview":"max-video-preview:-1"},"canonical":"https:\/\/www.bernos-beaulac.fr\/wordpress\/bibliotheque\/","og_locale":"fr_FR","og_type":"article","og_title":"Biblioth\u00e8que - Mairie de Bernos-Beaulac","og_description":"Les Inscription et pr\u00eats sont enti\u00e8rement gratuits. Ouvert tous les vendredis de 16h \u00e0 18h Tr\u00e8s nombreux ouvrages \u00e0 votre dispositionEnfance : grand choix d&rsquo;albums petite enfance, BD, romans jeunesse\u2026Adultes : romans, biographies, documentaires\u2026","og_url":"https:\/\/www.bernos-beaulac.fr\/wordpress\/bibliotheque\/","og_site_name":"Mairie de Bernos-Beaulac","article_modified_time":"2024-01-22T09:35:40+00:00","og_image":[{"width":250,"height":116,"url":"https:\/\/www.bernos-beaulac.fr\/wordpress\/wp-content\/uploads\/2021\/07\/bibli1.jpg","type":"image\/jpeg"}],"twitter_card":"summary_large_image","twitter_misc":{"Dur\u00e9e de lecture estim\u00e9e":"1 minute"},"schema":{"@context":"https:\/\/schema.org","@graph":[{"@type":"WebPage","@id":"https:\/\/www.bernos-beaulac.fr\/wordpress\/bibliotheque\/","url":"https:\/\/www.bernos-beaulac.fr\/wordpress\/bibliotheque\/","name":"Biblioth\u00e8que - Mairie de Bernos-Beaulac","isPartOf":{"@id":"https:\/\/www.bernos-beaulac.fr\/wordpress\/#website"},"primaryImageOfPage":{"@id":"https:\/\/www.bernos-beaulac.fr\/wordpress\/bibliotheque\/#primaryimage"},"image":{"@id":"https:\/\/www.bernos-beaulac.fr\/wordpress\/bibliotheque\/#primaryimage"},"thumbnailUrl":"https:\/\/www.bernos-beaulac.fr\/wordpress\/wp-content\/uploads\/2021\/07\/bibli1.jpg","datePublished":"2021-04-12T13:26:00+00:00","dateModified":"2024-01-22T09:35:40+00:00","breadcrumb":{"@id":"https:\/\/www.bernos-beaulac.fr\/wordpress\/bibliotheque\/#breadcrumb"},"inLanguage":"fr-FR","potentialAction":[{"@type":"ReadAction","target":["https:\/\/www.bernos-beaulac.fr\/wordpress\/bibliotheque\/"]}]},{"@type":"ImageObject","inLanguage":"fr-FR","@id":"https:\/\/www.bernos-beaulac.fr\/wordpress\/bibliotheque\/#primaryimage","url":"https:\/\/www.bernos-beaulac.fr\/wordpress\/wp-content\/uploads\/2021\/07\/bibli1.jpg","contentUrl":"https:\/\/www.bernos-beaulac.fr\/wordpress\/wp-content\/uploads\/2021\/07\/bibli1.jpg","width":250,"height":116},{"@type":"BreadcrumbList","@id":"https:\/\/www.bernos-beaulac.fr\/wordpress\/bibliotheque\/#breadcrumb","itemListElement":[{"@type":"ListItem","position":1,"name":"Accueil","item":"https:\/\/www.bernos-beaulac.fr\/wordpress\/"},{"@type":"ListItem","position":2,"name":"Biblioth\u00e8que"}]},{"@type":"WebSite","@id":"https:\/\/www.bernos-beaulac.fr\/wordpress\/#website","url":"https:\/\/www.bernos-beaulac.fr\/wordpress\/","name":"Mairie de Bernos-Beaulac","description":"Bienvenue sur le site de la commune","publisher":{"@id":"https:\/\/www.bernos-beaulac.fr\/wordpress\/#organization"},"potentialAction":[{"@type":"SearchAction","target":{"@type":"EntryPoint","urlTemplate":"https:\/\/www.bernos-beaulac.fr\/wordpress\/?s={search_term_string}"},"query-input":{"@type":"PropertyValueSpecification","valueRequired":true,"valueName":"search_term_string"}}],"inLanguage":"fr-FR"},{"@type":"Organization","@id":"https:\/\/www.bernos-beaulac.fr\/wordpress\/#organization","name":"Mairie de Bernos-Beaulac","url":"https:\/\/www.bernos-beaulac.fr\/wordpress\/","logo":{"@type":"ImageObject","inLanguage":"fr-FR","@id":"https:\/\/www.bernos-beaulac.fr\/wordpress\/#\/schema\/logo\/image\/","url":"https:\/\/www.bernos-beaulac.fr\/wordpress\/wp-content\/uploads\/2025\/03\/Bernos-Beaulac_Logo.jpg","contentUrl":"https:\/\/www.bernos-beaulac.fr\/wordpress\/wp-content\/uploads\/2025\/03\/Bernos-Beaulac_Logo.jpg","width":177,"height":205,"caption":"Mairie de Bernos-Beaulac"},"image":{"@id":"https:\/\/www.bernos-beaulac.fr\/wordpress\/#\/schema\/logo\/image\/"}}]}},"_links":{"self":[{"href":"https:\/\/www.bernos-beaulac.fr\/wordpress\/wp-json\/wp\/v2\/pages\/203","targetHints":{"allow":["GET"]}}],"collection":[{"href":"https:\/\/www.bernos-beaulac.fr\/wordpress\/wp-json\/wp\/v2\/pages"}],"about":[{"href":"https:\/\/www.bernos-beaulac.fr\/wordpress\/wp-json\/wp\/v2\/types\/page"}],"author":[{"embeddable":true,"href":"https:\/\/www.bernos-beaulac.fr\/wordpress\/wp-json\/wp\/v2\/users\/8"}],"replies":[{"embeddable":true,"href":"https:\/\/www.bernos-beaulac.fr\/wordpress\/wp-json\/wp\/v2\/comments?post=203"}],"version-history":[{"count":10,"href":"https:\/\/www.bernos-beaulac.fr\/wordpress\/wp-json\/wp\/v2\/pages\/203\/revisions"}],"predecessor-version":[{"id":3840,"href":"https:\/\/www.bernos-beaulac.fr\/wordpress\/wp-json\/wp\/v2\/pages\/203\/revisions\/3840"}],"wp:featuredmedia":[{"embeddable":true,"href":"https:\/\/www.bernos-beaulac.fr\/wordpress\/wp-json\/wp\/v2\/media\/1258"}],"wp:attachment":[{"href":"https:\/\/www.bernos-beaulac.fr\/wordpress\/wp-json\/wp\/v2\/media?parent=203"}],"curies":[{"name":"wp","href":"https:\/\/api.w.org\/{rel}","templated":true}]}}